{"id":220,"date":"2024-07-31T08:21:48","date_gmt":"2024-07-31T11:21:48","guid":{"rendered":"https:\/\/www.realdelacruz.com.ar\/?page_id=220"},"modified":"2025-05-09T09:54:58","modified_gmt":"2025-05-09T12:54:58","slug":"mercurey-barricas","status":"publish","type":"page","link":"https:\/\/www.realdelacruz.com.ar\/index.php\/mercurey-barricas\/","title":{"rendered":"Mercurey &#8211; Barricas"},"content":{"rendered":"<p><div class=\"fusion-fullwidth fullwidth-box fusion-builder-row-1 fusion-flex-container has-pattern-background has-mask-background gradient-container-1 nonhundred-percent-fullwidth non-hundred-percent-height-scrolling\" style=\"--link_hover_color: rgba(147,140,237,0.76);--link_color: #948eed;--awb-border-color:#ffffff;--awb-border-radius-top-left:0px;--awb-border-radius-top-right:0px;--awb-border-radius-bottom-right:0px;--awb-border-radius-bottom-left:0px;--awb-padding-top:50px;--awb-padding-right:50px;--awb-padding-bottom:20px;--awb-padding-left:50px;--awb-padding-top-small:40px;--awb-padding-right-small:40px;--awb-padding-bottom-small:40px;--awb-padding-left-small:40px;--awb-margin-top:0px;--awb-margin-bottom:0px;--awb-min-height:600px;--awb-background-color:#0f1616;--awb-background-image:linear-gradient(152deg, #0e1515 18%,rgba(14,21,21,0.25) 61%);--awb-flex-wrap:wrap;\" ><div class=\"fusion-builder-row fusion-row fusion-flex-align-items-stretch fusion-flex-align-content-space-between fusion-flex-justify-content-center fusion-flex-content-wrap\" style=\"max-width:1248px;margin-left: calc(-4% \/ 2 );margin-right: calc(-4% \/ 2 );\"><div class=\"fusion-layout-column fusion_builder_column fusion-builder-column-0 fusion_builder_column_1_1 1_1 fusion-flex-column fusion-animated\" style=\"--awb-padding-bottom-medium:0px;--awb-bg-size:cover;--awb-width-large:100%;--awb-margin-top-large:0px;--awb-spacing-right-large:1.92%;--awb-margin-bottom-large:0px;--awb-spacing-left-large:1.92%;--awb-width-medium:100%;--awb-order-medium:0;--awb-spacing-right-medium:1.92%;--awb-spacing-left-medium:1.92%;--awb-width-small:100%;--awb-order-small:0;--awb-spacing-right-small:1.92%;--awb-spacing-left-small:1.92%;\" data-animationType=\"fadeInUp\" data-animationDuration=\"1.3\" data-animationOffset=\"top-into-view\" data-motion-effects=\"[{&quot;type&quot;:&quot;&quot;,&quot;scroll_type&quot;:&quot;transition&quot;,&quot;scroll_direction&quot;:&quot;up&quot;,&quot;transition_speed&quot;:&quot;1&quot;,&quot;fade_type&quot;:&quot;in&quot;,&quot;scale_type&quot;:&quot;up&quot;,&quot;initial_scale&quot;:&quot;1&quot;,&quot;max_scale&quot;:&quot;1.5&quot;,&quot;min_scale&quot;:&quot;0.5&quot;,&quot;initial_rotate&quot;:&quot;0&quot;,&quot;end_rotate&quot;:&quot;30&quot;,&quot;initial_blur&quot;:&quot;0&quot;,&quot;end_blur&quot;:&quot;3&quot;,&quot;start_element&quot;:&quot;top&quot;,&quot;start_viewport&quot;:&quot;bottom&quot;,&quot;end_element&quot;:&quot;bottom&quot;,&quot;end_viewport&quot;:&quot;top&quot;,&quot;mouse_effect&quot;:&quot;track&quot;,&quot;mouse_effect_direction&quot;:&quot;opposite&quot;,&quot;mouse_effect_speed&quot;:&quot;2&quot;,&quot;infinite_animation&quot;:&quot;float&quot;,&quot;infinite_animation_speed&quot;:&quot;2&quot;}]\" data-scroll-devices=\"small-visibility,medium-visibility,large-visibility\"><div class=\"fusion-column-wrapper fusion-column-has-shadow fusion-flex-justify-content-flex-start fusion-content-layout-column\"><div class=\"fusion-image-element fusion-no-small-visibility fusion-no-medium-visibility\" style=\"text-align:center;--awb-margin-bottom:0px;--awb-max-width:230px;--awb-caption-title-font-family:var(--h2_typography-font-family);--awb-caption-title-font-weight:var(--h2_typography-font-weight);--awb-caption-title-font-style:var(--h2_typography-font-style);--awb-caption-title-size:var(--h2_typography-font-size);--awb-caption-title-transform:var(--h2_typography-text-transform);--awb-caption-title-line-height:var(--h2_typography-line-height);--awb-caption-title-letter-spacing:var(--h2_typography-letter-spacing);--awb-filter:brightness(100%);--awb-filter-transition:filter 0.3s ease;--awb-filter-hover:brightness(115%);\"><span class=\" fusion-imageframe imageframe-none imageframe-1 hover-type-none\"><a class=\"fusion-no-lightbox\" href=\"https:\/\/www.realdelacruz.com.ar\/\" target=\"_self\"><img decoding=\"async\" width=\"338\" height=\"210\" src=\"https:\/\/www.realdelacruz.com.ar\/wp-content\/uploads\/2024\/07\/marca-2.svg\" alt class=\"img-responsive wp-image-134\"\/><\/a><\/span><\/div><div class=\"fusion-image-element fusion-no-large-visibility\" style=\"text-align:center;--awb-margin-bottom:0px;--awb-margin-top-small:40px;--awb-margin-bottom-small:60px;--awb-max-width:150px;--awb-caption-title-font-family:var(--h2_typography-font-family);--awb-caption-title-font-weight:var(--h2_typography-font-weight);--awb-caption-title-font-style:var(--h2_typography-font-style);--awb-caption-title-size:var(--h2_typography-font-size);--awb-caption-title-transform:var(--h2_typography-text-transform);--awb-caption-title-line-height:var(--h2_typography-line-height);--awb-caption-title-letter-spacing:var(--h2_typography-letter-spacing);--awb-filter:brightness(100%);--awb-filter-transition:filter 0.3s ease;--awb-filter-hover:brightness(115%);\"><span class=\" fusion-imageframe imageframe-none imageframe-2 hover-type-none\"><a class=\"fusion-no-lightbox\" href=\"https:\/\/www.realdelacruz.com.ar\/\" target=\"_self\"><img decoding=\"async\" width=\"338\" height=\"210\" src=\"https:\/\/www.realdelacruz.com.ar\/wp-content\/uploads\/2024\/07\/marca-2.svg\" alt class=\"img-responsive wp-image-134\"\/><\/a><\/span><\/div><\/div><\/div><div class=\"fusion-layout-column fusion_builder_column fusion-builder-column-1 fusion_builder_column_1_1 1_1 fusion-flex-column fusion-animated\" style=\"--awb-bg-size:cover;--awb-width-large:100%;--awb-margin-top-large:0px;--awb-spacing-right-large:1.92%;--awb-margin-bottom-large:0px;--awb-spacing-left-large:1.92%;--awb-width-medium:100%;--awb-order-medium:1;--awb-spacing-right-medium:1.92%;--awb-spacing-left-medium:1.92%;--awb-width-small:100%;--awb-order-small:1;--awb-spacing-right-small:1.92%;--awb-spacing-left-small:1.92%;\" data-animationType=\"fadeInUp\" data-animationDuration=\"1.3\" data-animationOffset=\"top-into-view\" data-motion-effects=\"[{&quot;type&quot;:&quot;&quot;,&quot;scroll_type&quot;:&quot;transition&quot;,&quot;scroll_direction&quot;:&quot;up&quot;,&quot;transition_speed&quot;:&quot;1&quot;,&quot;fade_type&quot;:&quot;in&quot;,&quot;scale_type&quot;:&quot;up&quot;,&quot;initial_scale&quot;:&quot;1&quot;,&quot;max_scale&quot;:&quot;1.5&quot;,&quot;min_scale&quot;:&quot;0.5&quot;,&quot;initial_rotate&quot;:&quot;0&quot;,&quot;end_rotate&quot;:&quot;30&quot;,&quot;initial_blur&quot;:&quot;0&quot;,&quot;end_blur&quot;:&quot;3&quot;,&quot;start_element&quot;:&quot;top&quot;,&quot;start_viewport&quot;:&quot;bottom&quot;,&quot;end_element&quot;:&quot;bottom&quot;,&quot;end_viewport&quot;:&quot;top&quot;,&quot;mouse_effect&quot;:&quot;track&quot;,&quot;mouse_effect_direction&quot;:&quot;opposite&quot;,&quot;mouse_effect_speed&quot;:&quot;2&quot;,&quot;infinite_animation&quot;:&quot;float&quot;,&quot;infinite_animation_speed&quot;:&quot;2&quot;}]\" data-scroll-devices=\"small-visibility,medium-visibility,large-visibility\"><div class=\"fusion-column-wrapper fusion-column-has-shadow fusion-flex-justify-content-flex-start fusion-content-layout-column\"><div class=\"fusion-image-element \" style=\"text-align:center;--awb-caption-overlay-color:#948eed;--awb-max-width:95px;--awb-caption-title-font-family:var(--h2_typography-font-family);--awb-caption-title-font-weight:var(--h2_typography-font-weight);--awb-caption-title-font-style:var(--h2_typography-font-style);--awb-caption-title-size:var(--h2_typography-font-size);--awb-caption-title-transform:var(--h2_typography-text-transform);--awb-caption-title-line-height:var(--h2_typography-line-height);--awb-caption-title-letter-spacing:var(--h2_typography-letter-spacing);\"><span class=\" fusion-imageframe imageframe-none imageframe-3 hover-type-none\"><img decoding=\"async\" width=\"140\" height=\"133\" src=\"https:\/\/www.realdelacruz.com.ar\/wp-content\/uploads\/2024\/07\/TM.svg\" alt class=\"img-responsive wp-image-68\"\/><\/span><\/div><div class=\"fusion-separator fusion-full-width-sep\" style=\"align-self: center;margin-left: auto;margin-right: auto;margin-top:20px;width:100%;\"><\/div><div class=\"fusion-title title fusion-title-1 fusion-sep-none fusion-title-center fusion-title-text fusion-title-size-three\" style=\"--awb-text-color:var(--awb-color1);--awb-font-size:18px;\"><h3 class=\"fusion-title-heading title-heading-center\" style=\"font-family:&quot;Roboto&quot;;font-style:normal;font-weight:300;margin:0;font-size:1em;\"><p>Representamos a la exclusiva Toneler\u00eda Mercurey, \u00edcono del savoir-faire del arte tonelero de la Borgo\u00f1a francesa. Destacada por su minucioso trabajo sobre el terorir de origen del roble, ofrece finas selecciones de madera proveniente de los m\u00e1s relevantes bosques franc\u00e9s, garantizando la trazabilidad total del producto desde el terru\u00f1o hasta la bodega. Nuestra amplia gama de tostados, combinada con detalladas selecciones de madera, garantizan el producto perfecto para cada vino y su hacedor.<\/p>\n<p>\u00a1Cont\u00e1ctanos y conoc\u00e9 m\u00e1s sobre productos, vol\u00famenes y tostados!<\/p><\/h3><\/div><\/div><\/div><\/div><div class=\"elegant-gradient-row\"><\/div><style type=\"text\/css\">.fusion-fullwidth.fullwidth-box.gradient-container-1 .elegant-gradient-row:before {content: \"\"; position: absolute; width: 100%; height: 100%; top: 0; left: 0;background: -webkit-gradient(linear, 0% 0%, 0% 100%, from(#0e1515), to(rgba(14,21,21,0.2)))!important;background: -webkit-linear-gradient(top, #0e1515, rgba(14,21,21,0.2))!important;background: -moz-linear-gradient(top, #0e1515, rgba(14,21,21,0.2))!important;background: -ms-linear-gradient(top, #0e1515, rgba(14,21,21,0.2))!important;background: -o-linear-gradient(top, #0e1515, rgba(14,21,21,0.2))!important;}<\/style><script class=\"elegant-row-background-slider\" data-no-defer=\"1\" data-image-scale=\"cover\" data-transition=\"fade\" data-transition-delay=\"2000\" data-transition-duration=\"750\">[\"https:\\\/\\\/www.realdelacruz.com.ar\\\/wp-content\\\/uploads\\\/2024\\\/07\\\/003.jpg\"]<\/script><\/div>\n<div class=\"fusion-fullwidth fullwidth-box fusion-builder-row-2 fusion-flex-container has-pattern-background has-mask-background gradient-container-2 nonhundred-percent-fullwidth non-hundred-percent-height-scrolling\" style=\"--awb-border-radius-top-left:0px;--awb-border-radius-top-right:0px;--awb-border-radius-bottom-right:0px;--awb-border-radius-bottom-left:0px;--awb-padding-top:100px;--awb-padding-right:0px;--awb-padding-bottom:100px;--awb-padding-left:0px;--awb-padding-right-medium:60px;--awb-padding-left-medium:60px;--awb-margin-bottom-small:40px;--awb-background-color:var(--awb-color1);--awb-background-image:linear-gradient(90deg, var(--awb-color1) 40%,var(--awb-color1) 0%);--awb-flex-wrap:wrap;\" ><div class=\"fusion-builder-row fusion-row fusion-flex-align-items-flex-start fusion-flex-content-wrap\" style=\"max-width:1248px;margin-left: calc(-4% \/ 2 );margin-right: calc(-4% \/ 2 );\"><div class=\"fusion-layout-column fusion_builder_column fusion-builder-column-2 fusion_builder_column_1_2 1_2 fusion-flex-column\" style=\"--awb-bg-image:url(&#039;https:\/\/www.realdelacruz.com.ar\/wp-content\/uploads\/2025\/05\/barricas.jpg&#039;);--awb-bg-position:center center;--awb-bg-size:cover;--awb-width-large:50%;--awb-margin-top-large:0px;--awb-spacing-right-large:3.84%;--awb-margin-bottom-large:20px;--awb-spacing-left-large:3.84%;--awb-width-medium:50%;--awb-order-medium:0;--awb-spacing-right-medium:3.84%;--awb-spacing-left-medium:3.84%;--awb-width-small:100%;--awb-order-small:0;--awb-spacing-right-small:1.92%;--awb-spacing-left-small:1.92%;\" data-motion-effects=\"[{&quot;type&quot;:&quot;&quot;,&quot;scroll_type&quot;:&quot;transition&quot;,&quot;scroll_direction&quot;:&quot;up&quot;,&quot;transition_speed&quot;:&quot;1&quot;,&quot;fade_type&quot;:&quot;in&quot;,&quot;scale_type&quot;:&quot;up&quot;,&quot;initial_scale&quot;:&quot;1&quot;,&quot;max_scale&quot;:&quot;1.5&quot;,&quot;min_scale&quot;:&quot;0.5&quot;,&quot;initial_rotate&quot;:&quot;0&quot;,&quot;end_rotate&quot;:&quot;30&quot;,&quot;initial_blur&quot;:&quot;0&quot;,&quot;end_blur&quot;:&quot;3&quot;,&quot;start_element&quot;:&quot;top&quot;,&quot;start_viewport&quot;:&quot;bottom&quot;,&quot;end_element&quot;:&quot;bottom&quot;,&quot;end_viewport&quot;:&quot;top&quot;,&quot;mouse_effect&quot;:&quot;track&quot;,&quot;mouse_effect_direction&quot;:&quot;opposite&quot;,&quot;mouse_effect_speed&quot;:&quot;2&quot;,&quot;infinite_animation&quot;:&quot;float&quot;,&quot;infinite_animation_speed&quot;:&quot;2&quot;}]\" data-scroll-devices=\"small-visibility,medium-visibility,large-visibility\"><div class=\"fusion-column-wrapper fusion-column-has-shadow fusion-flex-justify-content-flex-start fusion-content-layout-column fusion-empty-column-bg-image fusion-column-has-bg-image\" data-bg-url=\"https:\/\/www.realdelacruz.com.ar\/wp-content\/uploads\/2025\/05\/barricas.jpg\"><img decoding=\"async\" class=\"fusion-empty-dims-img-placeholder\" src=\"data:image\/svg+xml,%3Csvg%20xmlns%3D%27http%3A%2F%2Fwww.w3.org%2F2000%2Fsvg%27%20width%3D%27448%27%20height%3D%27282%27%20viewBox%3D%270%200%20448%20282%27%3E%3Crect%20width%3D%27448%27%20height%3D%27282%27%20fill-opacity%3D%220%22%2F%3E%3C%2Fsvg%3E\"><\/div><\/div><div class=\"fusion-layout-column fusion_builder_column fusion-builder-column-3 fusion_builder_column_1_2 1_2 fusion-flex-column\" style=\"--awb-padding-top:0px;--awb-padding-bottom:40px;--awb-padding-left:40px;--awb-padding-top-medium:60px;--awb-padding-bottom-medium:0px;--awb-padding-right-small:10px;--awb-padding-left-small:10px;--awb-bg-size:cover;--awb-width-large:50%;--awb-margin-top-large:-20px;--awb-spacing-right-large:3.84%;--awb-margin-bottom-large:0px;--awb-spacing-left-large:3.84%;--awb-width-medium:100%;--awb-order-medium:0;--awb-spacing-right-medium:1.92%;--awb-spacing-left-medium:1.92%;--awb-width-small:100%;--awb-order-small:0;--awb-spacing-right-small:1.92%;--awb-spacing-left-small:1.92%;\" data-motion-effects=\"[{&quot;type&quot;:&quot;&quot;,&quot;scroll_type&quot;:&quot;transition&quot;,&quot;scroll_direction&quot;:&quot;up&quot;,&quot;transition_speed&quot;:&quot;1&quot;,&quot;fade_type&quot;:&quot;in&quot;,&quot;scale_type&quot;:&quot;up&quot;,&quot;initial_scale&quot;:&quot;1&quot;,&quot;max_scale&quot;:&quot;1.5&quot;,&quot;min_scale&quot;:&quot;0.5&quot;,&quot;initial_rotate&quot;:&quot;0&quot;,&quot;end_rotate&quot;:&quot;30&quot;,&quot;initial_blur&quot;:&quot;0&quot;,&quot;end_blur&quot;:&quot;3&quot;,&quot;start_element&quot;:&quot;top&quot;,&quot;start_viewport&quot;:&quot;bottom&quot;,&quot;end_element&quot;:&quot;bottom&quot;,&quot;end_viewport&quot;:&quot;top&quot;,&quot;mouse_effect&quot;:&quot;track&quot;,&quot;mouse_effect_direction&quot;:&quot;opposite&quot;,&quot;mouse_effect_speed&quot;:&quot;2&quot;,&quot;infinite_animation&quot;:&quot;float&quot;,&quot;infinite_animation_speed&quot;:&quot;2&quot;}]\" data-scroll-devices=\"small-visibility,medium-visibility,large-visibility\"><div class=\"fusion-column-wrapper fusion-column-has-shadow fusion-flex-justify-content-flex-start fusion-content-layout-column\"><nav class=\"awb-menu awb-menu_row awb-menu_em-hover mobile-mode-collapse-to-button awb-menu_icons-left awb-menu_dc-yes mobile-trigger-fullwidth-off awb-menu_mobile-toggle awb-menu_indent-left mobile-size-full-absolute loading mega-menu-loading awb-menu_desktop awb-menu_dropdown awb-menu_expand-right awb-menu_transition-fade\" style=\"--awb-font-size:14px;--awb-text-transform:uppercase;--awb-gap:20px;--awb-color:var(--awb-color8);--awb-letter-spacing:1px;--awb-active-color:#6c4a7d;--awb-main-justify-content:flex-start;--awb-mobile-justify:flex-start;--awb-mobile-caret-left:auto;--awb-mobile-caret-right:0;--awb-fusion-font-family-typography:&quot;Inter&quot;;--awb-fusion-font-style-typography:normal;--awb-fusion-font-weight-typography:600;--awb-fusion-font-family-submenu-typography:inherit;--awb-fusion-font-style-submenu-typography:normal;--awb-fusion-font-weight-submenu-typography:400;--awb-fusion-font-family-mobile-typography:inherit;--awb-fusion-font-style-mobile-typography:normal;--awb-fusion-font-weight-mobile-typography:400;\" aria-label=\"Menu Mercurey\" data-breakpoint=\"0\" data-count=\"0\" data-transition-type=\"fade\" data-transition-time=\"300\"><ul id=\"menu-menu-mercurey\" class=\"fusion-menu awb-menu__main-ul awb-menu__main-ul_row\"><li  id=\"menu-item-272\"  class=\"menu-item menu-item-type-post_type menu-item-object-page menu-item-272 awb-menu__li awb-menu__main-li awb-menu__main-li_regular\"  data-item-id=\"272\"><span class=\"awb-menu__main-background-default awb-menu__main-background-default_fade\"><\/span><span class=\"awb-menu__main-background-active awb-menu__main-background-active_fade\"><\/span><a  href=\"https:\/\/www.realdelacruz.com.ar\/index.php\/mercurey-barricas\/\" class=\"awb-menu__main-a awb-menu__main-a_regular\"><span class=\"menu-text\">Barricas<\/span><\/a><\/li><li  id=\"menu-item-353\"  class=\"menu-item menu-item-type-post_type menu-item-object-page menu-item-353 awb-menu__li awb-menu__main-li awb-menu__main-li_regular\"  data-item-id=\"353\"><span class=\"awb-menu__main-background-default awb-menu__main-background-default_fade\"><\/span><span class=\"awb-menu__main-background-active awb-menu__main-background-active_fade\"><\/span><a  href=\"https:\/\/www.realdelacruz.com.ar\/index.php\/mercurey-tonnellerie\/\" class=\"awb-menu__main-a awb-menu__main-a_regular\"><span class=\"menu-text\">Tonnellerie<\/span><\/a><\/li><\/ul><\/nav>\n<div class=\"fusion-separator fusion-full-width-sep\" style=\"align-self: center;margin-left: auto;margin-right: auto;margin-top:0px;margin-bottom:20px;width:100%;max-width:100%;\"><div class=\"fusion-separator-border sep-single sep-solid\" style=\"--awb-height:20px;--awb-amount:20px;--awb-sep-color:#d2d1d3;border-color:#d2d1d3;border-top-width:1px;\"><\/div><\/div><div class=\"fusion-title title fusion-title-2 fusion-sep-none fusion-title-text fusion-title-size-two\" style=\"--awb-text-color:var(--awb-color8);--awb-margin-top:0px;\"><h2 class=\"fusion-title-heading title-heading-left\" style=\"margin:0;text-transform:capitalize;\">Barricas<\/h2><\/div><div class=\"fusion-text fusion-text-1\" style=\"--awb-font-size:var(--awb-typography4-font-size);--awb-line-height:var(--awb-typography4-line-height);--awb-letter-spacing:var(--awb-typography4-letter-spacing);--awb-text-transform:var(--awb-typography4-text-transform);--awb-text-color:var(--awb-color6);--awb-margin-top:10px;--awb-text-font-family:var(--awb-typography4-font-family);--awb-text-font-weight:var(--awb-typography4-font-weight);--awb-text-font-style:var(--awb-typography4-font-style);\"><p><strong>Tostados:<\/strong> Disponemos de diferentes tostados seg\u00fan los requerimientos del cliente, que van desde tostados muy ligeros (LF) a muy fuerte (GC) pasando por tostados ligeros (poco tiempo y calor) a aquellos que aumentan su exposici\u00f3n a la llama y temperatura, buscando as\u00ed el ideal para cada vino.<\/p>\n<p><strong>Capacidad:<\/strong> Para satisfacer la demanda de todos nuestros clientes trabajamos con muy diversas capacidades, 160 L, 225 L, 300 L, 400L, 500L y m\u00e1s.<\/p>\n<\/div><div class=\"fusion-separator fusion-full-width-sep\" style=\"align-self: center;margin-left: auto;margin-right: auto;margin-top:20px;width:100%;\"><\/div><div ><a class=\"fusion-button button-flat fusion-button-default-size button-custom fusion-button-default button-1 fusion-button-default-span \" style=\"--button_accent_color:#ffffff;--button_border_color:#ffffff;--button_accent_hover_color:#ffffff;--button_border_hover_color:#ffffff;--button_border_width-top:0px;--button_border_width-right:0px;--button_border_width-bottom:0px;--button_border_width-left:0px;--button_gradient_top_color:#582c5f;--button_gradient_bottom_color:#582c5f;--button_gradient_top_color_hover:rgba(88,44,95,0.73);--button_gradient_bottom_color_hover:rgba(88,44,95,0.73);--button_text_transform:uppercase;--button_font_size:12px;--button_line_height:1.7;--button_padding-top:13px;--button_padding-right:40px;--button_padding-bottom:13px;--button_padding-left:40px;--button_typography-letter-spacing:3px;--button_typography-font-family:&quot;Inter&quot;;--button_typography-font-style:normal;--button_typography-font-weight:500;--button_margin-right:30px;\" target=\"_blank\" rel=\"noopener noreferrer\" href=\"https:\/\/www.realdelacruz.com.ar\/wp-content\/uploads\/2024\/07\/nuestros_tostados.pdf\"><span class=\"fusion-button-text\">Nuestros tostados<\/span><\/a><\/div><\/div><\/div><\/div><\/div><\/p>\n","protected":false},"excerpt":{"rendered":"","protected":false},"author":1,"featured_media":0,"parent":0,"menu_order":0,"comment_status":"closed","ping_status":"closed","template":"100-width.php","meta":{"_joinchat":[],"footnotes":""},"class_list":["post-220","page","type-page","status-publish","hentry"],"yoast_head":"<!-- This site is optimized with the Yoast SEO plugin v25.2 - https:\/\/yoast.com\/wordpress\/plugins\/seo\/ -->\n<title>Mercurey - Barricas - Real de la Cruz<\/title>\n<meta name=\"robots\" content=\"index, follow, max-snippet:-1, max-image-preview:large, max-video-preview:-1\" \/>\n<link rel=\"canonical\" href=\"https:\/\/www.realdelacruz.com.ar\/index.php\/mercurey-barricas\/\" \/>\n<meta property=\"og:locale\" content=\"es_ES\" \/>\n<meta property=\"og:type\" content=\"article\" \/>\n<meta property=\"og:title\" content=\"Mercurey - Barricas - Real de la Cruz\" \/>\n<meta property=\"og:url\" content=\"https:\/\/www.realdelacruz.com.ar\/index.php\/mercurey-barricas\/\" \/>\n<meta property=\"og:site_name\" content=\"Real de la Cruz\" \/>\n<meta property=\"article:modified_time\" content=\"2025-05-09T12:54:58+00:00\" \/>\n<meta name=\"twitter:card\" content=\"summary_large_image\" \/>\n<meta name=\"twitter:label1\" content=\"Tiempo de lectura\" \/>\n\t<meta name=\"twitter:data1\" content=\"2 minutos\" \/>\n<script type=\"application\/ld+json\" class=\"yoast-schema-graph\">{\"@context\":\"https:\/\/schema.org\",\"@graph\":[{\"@type\":\"WebPage\",\"@id\":\"https:\/\/www.realdelacruz.com.ar\/index.php\/mercurey-barricas\/\",\"url\":\"https:\/\/www.realdelacruz.com.ar\/index.php\/mercurey-barricas\/\",\"name\":\"Mercurey - Barricas - Real de la Cruz\",\"isPartOf\":{\"@id\":\"https:\/\/www.realdelacruz.com.ar\/#website\"},\"datePublished\":\"2024-07-31T11:21:48+00:00\",\"dateModified\":\"2025-05-09T12:54:58+00:00\",\"breadcrumb\":{\"@id\":\"https:\/\/www.realdelacruz.com.ar\/index.php\/mercurey-barricas\/#breadcrumb\"},\"inLanguage\":\"es-AR\",\"potentialAction\":[{\"@type\":\"ReadAction\",\"target\":[\"https:\/\/www.realdelacruz.com.ar\/index.php\/mercurey-barricas\/\"]}]},{\"@type\":\"BreadcrumbList\",\"@id\":\"https:\/\/www.realdelacruz.com.ar\/index.php\/mercurey-barricas\/#breadcrumb\",\"itemListElement\":[{\"@type\":\"ListItem\",\"position\":1,\"name\":\"Inicio\",\"item\":\"https:\/\/www.realdelacruz.com.ar\/\"},{\"@type\":\"ListItem\",\"position\":2,\"name\":\"Mercurey &#8211; Barricas\"}]},{\"@type\":\"WebSite\",\"@id\":\"https:\/\/www.realdelacruz.com.ar\/#website\",\"url\":\"https:\/\/www.realdelacruz.com.ar\/\",\"name\":\"Real de la Cruz\",\"description\":\"\",\"potentialAction\":[{\"@type\":\"SearchAction\",\"target\":{\"@type\":\"EntryPoint\",\"urlTemplate\":\"https:\/\/www.realdelacruz.com.ar\/?s={search_term_string}\"},\"query-input\":{\"@type\":\"PropertyValueSpecification\",\"valueRequired\":true,\"valueName\":\"search_term_string\"}}],\"inLanguage\":\"es-AR\"}]}<\/script>\n<!-- \/ Yoast SEO plugin. -->","yoast_head_json":{"title":"Mercurey - Barricas - Real de la Cruz","robots":{"index":"index","follow":"follow","max-snippet":"max-snippet:-1","max-image-preview":"max-image-preview:large","max-video-preview":"max-video-preview:-1"},"canonical":"https:\/\/www.realdelacruz.com.ar\/index.php\/mercurey-barricas\/","og_locale":"es_ES","og_type":"article","og_title":"Mercurey - Barricas - Real de la Cruz","og_url":"https:\/\/www.realdelacruz.com.ar\/index.php\/mercurey-barricas\/","og_site_name":"Real de la Cruz","article_modified_time":"2025-05-09T12:54:58+00:00","twitter_card":"summary_large_image","twitter_misc":{"Tiempo de lectura":"2 minutos"},"schema":{"@context":"https:\/\/schema.org","@graph":[{"@type":"WebPage","@id":"https:\/\/www.realdelacruz.com.ar\/index.php\/mercurey-barricas\/","url":"https:\/\/www.realdelacruz.com.ar\/index.php\/mercurey-barricas\/","name":"Mercurey - Barricas - Real de la Cruz","isPartOf":{"@id":"https:\/\/www.realdelacruz.com.ar\/#website"},"datePublished":"2024-07-31T11:21:48+00:00","dateModified":"2025-05-09T12:54:58+00:00","breadcrumb":{"@id":"https:\/\/www.realdelacruz.com.ar\/index.php\/mercurey-barricas\/#breadcrumb"},"inLanguage":"es-AR","potentialAction":[{"@type":"ReadAction","target":["https:\/\/www.realdelacruz.com.ar\/index.php\/mercurey-barricas\/"]}]},{"@type":"BreadcrumbList","@id":"https:\/\/www.realdelacruz.com.ar\/index.php\/mercurey-barricas\/#breadcrumb","itemListElement":[{"@type":"ListItem","position":1,"name":"Inicio","item":"https:\/\/www.realdelacruz.com.ar\/"},{"@type":"ListItem","position":2,"name":"Mercurey &#8211; Barricas"}]},{"@type":"WebSite","@id":"https:\/\/www.realdelacruz.com.ar\/#website","url":"https:\/\/www.realdelacruz.com.ar\/","name":"Real de la Cruz","description":"","potentialAction":[{"@type":"SearchAction","target":{"@type":"EntryPoint","urlTemplate":"https:\/\/www.realdelacruz.com.ar\/?s={search_term_string}"},"query-input":{"@type":"PropertyValueSpecification","valueRequired":true,"valueName":"search_term_string"}}],"inLanguage":"es-AR"}]}},"_links":{"self":[{"href":"https:\/\/www.realdelacruz.com.ar\/index.php\/wp-json\/wp\/v2\/pages\/220","targetHints":{"allow":["GET"]}}],"collection":[{"href":"https:\/\/www.realdelacruz.com.ar\/index.php\/wp-json\/wp\/v2\/pages"}],"about":[{"href":"https:\/\/www.realdelacruz.com.ar\/index.php\/wp-json\/wp\/v2\/types\/page"}],"author":[{"embeddable":true,"href":"https:\/\/www.realdelacruz.com.ar\/index.php\/wp-json\/wp\/v2\/users\/1"}],"replies":[{"embeddable":true,"href":"https:\/\/www.realdelacruz.com.ar\/index.php\/wp-json\/wp\/v2\/comments?post=220"}],"version-history":[{"count":56,"href":"https:\/\/www.realdelacruz.com.ar\/index.php\/wp-json\/wp\/v2\/pages\/220\/revisions"}],"predecessor-version":[{"id":737,"href":"https:\/\/www.realdelacruz.com.ar\/index.php\/wp-json\/wp\/v2\/pages\/220\/revisions\/737"}],"wp:attachment":[{"href":"https:\/\/www.realdelacruz.com.ar\/index.php\/wp-json\/wp\/v2\/media?parent=220"}],"curies":[{"name":"wp","href":"https:\/\/api.w.org\/{rel}","templated":true}]}}