{"id":779,"date":"2025-05-13T11:55:23","date_gmt":"2025-05-13T14:55:23","guid":{"rendered":"https:\/\/www.realdelacruz.com.ar\/?page_id=779"},"modified":"2025-05-13T11:58:00","modified_gmt":"2025-05-13T14:58:00","slug":"insumos-enologicos","status":"publish","type":"page","link":"https:\/\/www.realdelacruz.com.ar\/index.php\/insumos-enologicos\/","title":{"rendered":"Insumos Enol\u00f3gicos"},"content":{"rendered":"<div class=\"fusion-fullwidth fullwidth-box fusion-builder-row-1 fusion-flex-container has-pattern-background has-mask-background fusion-parallax-none gradient-container-1 nonhundred-percent-fullwidth non-hundred-percent-height-scrolling\" style=\"--link_hover_color: rgba(147,140,237,0.76);--link_color: #948eed;--awb-border-color:#ffffff;--awb-border-radius-top-left:0px;--awb-border-radius-top-right:0px;--awb-border-radius-bottom-right:0px;--awb-border-radius-bottom-left:0px;--awb-padding-top:50px;--awb-padding-right:50px;--awb-padding-bottom:20px;--awb-padding-left:50px;--awb-padding-top-small:40px;--awb-padding-right-small:40px;--awb-padding-bottom-small:40px;--awb-padding-left-small:40px;--awb-margin-top:0px;--awb-margin-bottom:0px;--awb-min-height:600px;--awb-background-color:#0f1616;--awb-background-image:linear-gradient(152deg, #0e1515 18%,rgba(14,21,21,0.25) 61%),url(https:\/\/www.realdelacruz.com.ar\/wp-content\/uploads\/2025\/05\/todo-lo-que-debes-saber-sobre-la-maceracion-del-vino1.jpg);;--awb-background-size:cover;--awb-flex-wrap:wrap;\" ><div class=\"fusion-builder-row fusion-row fusion-flex-align-items-stretch fusion-flex-align-content-space-between fusion-flex-justify-content-center fusion-flex-content-wrap\" style=\"max-width:1248px;margin-left: calc(-4% \/ 2 );margin-right: calc(-4% \/ 2 );\"><div class=\"fusion-layout-column fusion_builder_column fusion-builder-column-0 fusion_builder_column_1_1 1_1 fusion-flex-column fusion-animated\" style=\"--awb-padding-bottom-medium:0px;--awb-bg-size:cover;--awb-width-large:100%;--awb-margin-top-large:0px;--awb-spacing-right-large:1.92%;--awb-margin-bottom-large:0px;--awb-spacing-left-large:1.92%;--awb-width-medium:100%;--awb-order-medium:0;--awb-spacing-right-medium:1.92%;--awb-spacing-left-medium:1.92%;--awb-width-small:100%;--awb-order-small:0;--awb-spacing-right-small:1.92%;--awb-spacing-left-small:1.92%;\" data-animationType=\"fadeInUp\" data-animationDuration=\"1.3\" data-animationOffset=\"top-into-view\" data-motion-effects=\"[{&quot;type&quot;:&quot;&quot;,&quot;scroll_type&quot;:&quot;transition&quot;,&quot;scroll_direction&quot;:&quot;up&quot;,&quot;transition_speed&quot;:&quot;1&quot;,&quot;fade_type&quot;:&quot;in&quot;,&quot;scale_type&quot;:&quot;up&quot;,&quot;initial_scale&quot;:&quot;1&quot;,&quot;max_scale&quot;:&quot;1.5&quot;,&quot;min_scale&quot;:&quot;0.5&quot;,&quot;initial_rotate&quot;:&quot;0&quot;,&quot;end_rotate&quot;:&quot;30&quot;,&quot;initial_blur&quot;:&quot;0&quot;,&quot;end_blur&quot;:&quot;3&quot;,&quot;start_element&quot;:&quot;top&quot;,&quot;start_viewport&quot;:&quot;bottom&quot;,&quot;end_element&quot;:&quot;bottom&quot;,&quot;end_viewport&quot;:&quot;top&quot;,&quot;mouse_effect&quot;:&quot;track&quot;,&quot;mouse_effect_direction&quot;:&quot;opposite&quot;,&quot;mouse_effect_speed&quot;:&quot;2&quot;,&quot;infinite_animation&quot;:&quot;float&quot;,&quot;infinite_animation_speed&quot;:&quot;2&quot;}]\" data-scroll-devices=\"small-visibility,medium-visibility,large-visibility\"><div class=\"fusion-column-wrapper fusion-column-has-shadow fusion-flex-justify-content-flex-start fusion-content-layout-column\"><div class=\"fusion-image-element fusion-no-small-visibility fusion-no-medium-visibility\" style=\"text-align:center;--awb-margin-bottom:0px;--awb-max-width:230px;--awb-caption-title-font-family:var(--h2_typography-font-family);--awb-caption-title-font-weight:var(--h2_typography-font-weight);--awb-caption-title-font-style:var(--h2_typography-font-style);--awb-caption-title-size:var(--h2_typography-font-size);--awb-caption-title-transform:var(--h2_typography-text-transform);--awb-caption-title-line-height:var(--h2_typography-line-height);--awb-caption-title-letter-spacing:var(--h2_typography-letter-spacing);--awb-filter:brightness(100%);--awb-filter-transition:filter 0.3s ease;--awb-filter-hover:brightness(115%);\"><span class=\" fusion-imageframe imageframe-none imageframe-1 hover-type-none\"><a class=\"fusion-no-lightbox\" href=\"https:\/\/www.realdelacruz.com.ar\/\" target=\"_self\"><img decoding=\"async\" width=\"338\" height=\"210\" src=\"https:\/\/www.realdelacruz.com.ar\/wp-content\/uploads\/2024\/07\/marca-2.svg\" alt class=\"img-responsive wp-image-134\"\/><\/a><\/span><\/div><div class=\"fusion-image-element fusion-no-large-visibility\" style=\"text-align:center;--awb-margin-bottom:0px;--awb-margin-top-small:40px;--awb-margin-bottom-small:60px;--awb-max-width:150px;--awb-caption-title-font-family:var(--h2_typography-font-family);--awb-caption-title-font-weight:var(--h2_typography-font-weight);--awb-caption-title-font-style:var(--h2_typography-font-style);--awb-caption-title-size:var(--h2_typography-font-size);--awb-caption-title-transform:var(--h2_typography-text-transform);--awb-caption-title-line-height:var(--h2_typography-line-height);--awb-caption-title-letter-spacing:var(--h2_typography-letter-spacing);--awb-filter:brightness(100%);--awb-filter-transition:filter 0.3s ease;--awb-filter-hover:brightness(115%);\"><span class=\" fusion-imageframe imageframe-none imageframe-2 hover-type-none\"><a class=\"fusion-no-lightbox\" href=\"https:\/\/www.realdelacruz.com.ar\/\" target=\"_self\"><img decoding=\"async\" width=\"338\" height=\"210\" src=\"https:\/\/www.realdelacruz.com.ar\/wp-content\/uploads\/2024\/07\/marca-2.svg\" alt class=\"img-responsive wp-image-134\"\/><\/a><\/span><\/div><\/div><\/div><div class=\"fusion-layout-column fusion_builder_column fusion-builder-column-1 fusion_builder_column_1_1 1_1 fusion-flex-column fusion-animated\" style=\"--awb-bg-size:cover;--awb-width-large:100%;--awb-margin-top-large:0px;--awb-spacing-right-large:1.92%;--awb-margin-bottom-large:0px;--awb-spacing-left-large:1.92%;--awb-width-medium:100%;--awb-order-medium:1;--awb-spacing-right-medium:1.92%;--awb-spacing-left-medium:1.92%;--awb-width-small:100%;--awb-order-small:1;--awb-spacing-right-small:1.92%;--awb-spacing-left-small:1.92%;\" data-animationType=\"fadeInUp\" data-animationDuration=\"1.3\" data-animationOffset=\"top-into-view\" data-motion-effects=\"[{&quot;type&quot;:&quot;&quot;,&quot;scroll_type&quot;:&quot;transition&quot;,&quot;scroll_direction&quot;:&quot;up&quot;,&quot;transition_speed&quot;:&quot;1&quot;,&quot;fade_type&quot;:&quot;in&quot;,&quot;scale_type&quot;:&quot;up&quot;,&quot;initial_scale&quot;:&quot;1&quot;,&quot;max_scale&quot;:&quot;1.5&quot;,&quot;min_scale&quot;:&quot;0.5&quot;,&quot;initial_rotate&quot;:&quot;0&quot;,&quot;end_rotate&quot;:&quot;30&quot;,&quot;initial_blur&quot;:&quot;0&quot;,&quot;end_blur&quot;:&quot;3&quot;,&quot;start_element&quot;:&quot;top&quot;,&quot;start_viewport&quot;:&quot;bottom&quot;,&quot;end_element&quot;:&quot;bottom&quot;,&quot;end_viewport&quot;:&quot;top&quot;,&quot;mouse_effect&quot;:&quot;track&quot;,&quot;mouse_effect_direction&quot;:&quot;opposite&quot;,&quot;mouse_effect_speed&quot;:&quot;2&quot;,&quot;infinite_animation&quot;:&quot;float&quot;,&quot;infinite_animation_speed&quot;:&quot;2&quot;}]\" data-scroll-devices=\"small-visibility,medium-visibility,large-visibility\"><div class=\"fusion-column-wrapper fusion-column-has-shadow fusion-flex-justify-content-flex-start fusion-content-layout-column\"><div class=\"fusion-title title fusion-title-1 fusion-sep-none fusion-title-center fusion-title-text fusion-title-size-two\" style=\"--awb-text-color:var(--awb-color1);--awb-margin-top:0px;\"><h2 class=\"fusion-title-heading title-heading-center\" style=\"margin:0;text-transform:capitalize;\"><div class=\"titulo\">\n<div class=\"titulo\">\n<div class=\"titulo\">Insumos Enol\u00f3gicos<\/div>\n<\/div>\n<\/div><\/h2><\/div><div class=\"fusion-separator fusion-full-width-sep\" style=\"align-self: center;margin-left: auto;margin-right: auto;margin-top:20px;width:100%;\"><\/div><div class=\"fusion-title title fusion-title-2 fusion-sep-none fusion-title-center fusion-title-text fusion-title-size-three\" style=\"--awb-text-color:var(--awb-color1);--awb-font-size:18px;\"><h3 class=\"fusion-title-heading title-heading-center\" style=\"font-family:&quot;Roboto&quot;;font-style:normal;font-weight:300;margin:0;font-size:1em;\"><p style=\"text-align: center;\">Te acompa\u00f1amos en la b\u00fasqueda de la mejora continua en tus vinos ofreci\u00e9ndote servicio y alta calidad de productos.<\/p><\/h3><\/div><\/div><\/div><\/div><div class=\"elegant-gradient-row\"><\/div><style type=\"text\/css\">.fusion-fullwidth.fullwidth-box.gradient-container-1 .elegant-gradient-row:before {content: \"\"; position: absolute; width: 100%; height: 100%; top: 0; left: 0;background: -webkit-gradient(linear, 0% 0%, 0% 100%, from(#0e1515), to(rgba(14,21,21,0.2)))!important;background: -webkit-linear-gradient(top, #0e1515, rgba(14,21,21,0.2))!important;background: -moz-linear-gradient(top, #0e1515, rgba(14,21,21,0.2))!important;background: -ms-linear-gradient(top, #0e1515, rgba(14,21,21,0.2))!important;background: -o-linear-gradient(top, #0e1515, rgba(14,21,21,0.2))!important;}<\/style><script class=\"elegant-row-background-slider\" data-no-defer=\"1\" data-image-scale=\"cover\" data-transition=\"fade\" data-transition-delay=\"2000\" data-transition-duration=\"750\">[]<\/script><\/div>\n","protected":false},"excerpt":{"rendered":"","protected":false},"author":1,"featured_media":0,"parent":0,"menu_order":0,"comment_status":"closed","ping_status":"closed","template":"100-width.php","meta":{"_joinchat":[],"footnotes":""},"class_list":["post-779","page","type-page","status-publish","hentry"],"yoast_head":"<!-- This site is optimized with the Yoast SEO plugin v25.2 - https:\/\/yoast.com\/wordpress\/plugins\/seo\/ -->\n<title>Insumos Enol\u00f3gicos - Real de la Cruz<\/title>\n<meta name=\"robots\" content=\"index, follow, max-snippet:-1, max-image-preview:large, max-video-preview:-1\" \/>\n<link rel=\"canonical\" href=\"https:\/\/www.realdelacruz.com.ar\/index.php\/insumos-enologicos\/\" \/>\n<meta property=\"og:locale\" content=\"es_ES\" \/>\n<meta property=\"og:type\" content=\"article\" \/>\n<meta property=\"og:title\" content=\"Insumos Enol\u00f3gicos - Real de la Cruz\" \/>\n<meta property=\"og:url\" content=\"https:\/\/www.realdelacruz.com.ar\/index.php\/insumos-enologicos\/\" \/>\n<meta property=\"og:site_name\" content=\"Real de la Cruz\" \/>\n<meta property=\"article:modified_time\" content=\"2025-05-13T14:58:00+00:00\" \/>\n<meta name=\"twitter:card\" content=\"summary_large_image\" \/>\n<meta name=\"twitter:label1\" content=\"Tiempo de lectura\" \/>\n\t<meta name=\"twitter:data1\" content=\"1 minuto\" \/>\n<script type=\"application\/ld+json\" class=\"yoast-schema-graph\">{\"@context\":\"https:\/\/schema.org\",\"@graph\":[{\"@type\":\"WebPage\",\"@id\":\"https:\/\/www.realdelacruz.com.ar\/index.php\/insumos-enologicos\/\",\"url\":\"https:\/\/www.realdelacruz.com.ar\/index.php\/insumos-enologicos\/\",\"name\":\"Insumos Enol\u00f3gicos - Real de la Cruz\",\"isPartOf\":{\"@id\":\"https:\/\/www.realdelacruz.com.ar\/#website\"},\"datePublished\":\"2025-05-13T14:55:23+00:00\",\"dateModified\":\"2025-05-13T14:58:00+00:00\",\"breadcrumb\":{\"@id\":\"https:\/\/www.realdelacruz.com.ar\/index.php\/insumos-enologicos\/#breadcrumb\"},\"inLanguage\":\"es-AR\",\"potentialAction\":[{\"@type\":\"ReadAction\",\"target\":[\"https:\/\/www.realdelacruz.com.ar\/index.php\/insumos-enologicos\/\"]}]},{\"@type\":\"BreadcrumbList\",\"@id\":\"https:\/\/www.realdelacruz.com.ar\/index.php\/insumos-enologicos\/#breadcrumb\",\"itemListElement\":[{\"@type\":\"ListItem\",\"position\":1,\"name\":\"Inicio\",\"item\":\"https:\/\/www.realdelacruz.com.ar\/\"},{\"@type\":\"ListItem\",\"position\":2,\"name\":\"Insumos Enol\u00f3gicos\"}]},{\"@type\":\"WebSite\",\"@id\":\"https:\/\/www.realdelacruz.com.ar\/#website\",\"url\":\"https:\/\/www.realdelacruz.com.ar\/\",\"name\":\"Real de la Cruz\",\"description\":\"\",\"potentialAction\":[{\"@type\":\"SearchAction\",\"target\":{\"@type\":\"EntryPoint\",\"urlTemplate\":\"https:\/\/www.realdelacruz.com.ar\/?s={search_term_string}\"},\"query-input\":{\"@type\":\"PropertyValueSpecification\",\"valueRequired\":true,\"valueName\":\"search_term_string\"}}],\"inLanguage\":\"es-AR\"}]}<\/script>\n<!-- \/ Yoast SEO plugin. -->","yoast_head_json":{"title":"Insumos Enol\u00f3gicos - Real de la Cruz","robots":{"index":"index","follow":"follow","max-snippet":"max-snippet:-1","max-image-preview":"max-image-preview:large","max-video-preview":"max-video-preview:-1"},"canonical":"https:\/\/www.realdelacruz.com.ar\/index.php\/insumos-enologicos\/","og_locale":"es_ES","og_type":"article","og_title":"Insumos Enol\u00f3gicos - Real de la Cruz","og_url":"https:\/\/www.realdelacruz.com.ar\/index.php\/insumos-enologicos\/","og_site_name":"Real de la Cruz","article_modified_time":"2025-05-13T14:58:00+00:00","twitter_card":"summary_large_image","twitter_misc":{"Tiempo de lectura":"1 minuto"},"schema":{"@context":"https:\/\/schema.org","@graph":[{"@type":"WebPage","@id":"https:\/\/www.realdelacruz.com.ar\/index.php\/insumos-enologicos\/","url":"https:\/\/www.realdelacruz.com.ar\/index.php\/insumos-enologicos\/","name":"Insumos Enol\u00f3gicos - Real de la Cruz","isPartOf":{"@id":"https:\/\/www.realdelacruz.com.ar\/#website"},"datePublished":"2025-05-13T14:55:23+00:00","dateModified":"2025-05-13T14:58:00+00:00","breadcrumb":{"@id":"https:\/\/www.realdelacruz.com.ar\/index.php\/insumos-enologicos\/#breadcrumb"},"inLanguage":"es-AR","potentialAction":[{"@type":"ReadAction","target":["https:\/\/www.realdelacruz.com.ar\/index.php\/insumos-enologicos\/"]}]},{"@type":"BreadcrumbList","@id":"https:\/\/www.realdelacruz.com.ar\/index.php\/insumos-enologicos\/#breadcrumb","itemListElement":[{"@type":"ListItem","position":1,"name":"Inicio","item":"https:\/\/www.realdelacruz.com.ar\/"},{"@type":"ListItem","position":2,"name":"Insumos Enol\u00f3gicos"}]},{"@type":"WebSite","@id":"https:\/\/www.realdelacruz.com.ar\/#website","url":"https:\/\/www.realdelacruz.com.ar\/","name":"Real de la Cruz","description":"","potentialAction":[{"@type":"SearchAction","target":{"@type":"EntryPoint","urlTemplate":"https:\/\/www.realdelacruz.com.ar\/?s={search_term_string}"},"query-input":{"@type":"PropertyValueSpecification","valueRequired":true,"valueName":"search_term_string"}}],"inLanguage":"es-AR"}]}},"_links":{"self":[{"href":"https:\/\/www.realdelacruz.com.ar\/index.php\/wp-json\/wp\/v2\/pages\/779","targetHints":{"allow":["GET"]}}],"collection":[{"href":"https:\/\/www.realdelacruz.com.ar\/index.php\/wp-json\/wp\/v2\/pages"}],"about":[{"href":"https:\/\/www.realdelacruz.com.ar\/index.php\/wp-json\/wp\/v2\/types\/page"}],"author":[{"embeddable":true,"href":"https:\/\/www.realdelacruz.com.ar\/index.php\/wp-json\/wp\/v2\/users\/1"}],"replies":[{"embeddable":true,"href":"https:\/\/www.realdelacruz.com.ar\/index.php\/wp-json\/wp\/v2\/comments?post=779"}],"version-history":[{"count":2,"href":"https:\/\/www.realdelacruz.com.ar\/index.php\/wp-json\/wp\/v2\/pages\/779\/revisions"}],"predecessor-version":[{"id":782,"href":"https:\/\/www.realdelacruz.com.ar\/index.php\/wp-json\/wp\/v2\/pages\/779\/revisions\/782"}],"wp:attachment":[{"href":"https:\/\/www.realdelacruz.com.ar\/index.php\/wp-json\/wp\/v2\/media?parent=779"}],"curies":[{"name":"wp","href":"https:\/\/api.w.org\/{rel}","templated":true}]}}